{"id":149,"date":"2024-10-13T22:11:16","date_gmt":"2024-10-13T20:11:16","guid":{"rendered":"http:\/\/www.bengaldesterresdeneith.fr\/?page_id=149"},"modified":"2024-10-13T22:11:42","modified_gmt":"2024-10-13T20:11:42","slug":"contact","status":"publish","type":"page","link":"https:\/\/www.bengaldesterresdeneith.fr\/index.php\/contact\/","title":{"rendered":"Contact"},"content":{"rendered":"\n<div class=\"wp-block-group alignfull has-global-padding is-layout-constrained wp-container-core-group-is-layout-490fa1db wp-block-group-is-layout-constrained\" style=\"padding-top:var(--wp--preset--spacing--50);padding-right:var(--wp--preset--spacing--50);padding-bottom:var(--wp--preset--spacing--50);padding-left:var(--wp--preset--spacing--50)\">\n<div class=\"wp-block-group has-global-padding is-layout-constrained wp-container-core-group-is-layout-650790e1 wp-block-group-is-layout-constrained\">\n<h1 class=\"wp-block-heading has-text-align-left has-x-large-font-size\">Pour plus de renseignements, n&#8217;h\u00e9sitez \u00e0 nous \u00e9crire \u00e0 l&#8217;adresse mail suivante :<\/h1>\n<\/div>\n\n\n\n<p><\/p>\n\n\n\n<div class=\"wp-block-group has-global-padding is-layout-constrained wp-container-core-group-is-layout-650790e1 wp-block-group-is-layout-constrained\">\n<p><\/p>\n\n\n\n<p class=\"has-contrast-color has-accent-5-background-color has-text-color has-background has-link-color has-medium-font-size wp-elements-e27972ca0f2e68f6f2feb06ff8ff81d9\"><strong>chatterie.desterresdeneith@gmail.com<\/strong><\/p>\n\n\n\n<p><\/p>\n\n\n\n<div class=\"wp-block-buttons is-content-justification-center is-layout-flex wp-container-core-buttons-is-layout-a89b3969 wp-block-buttons-is-layout-flex\">\n<div class=\"wp-block-button\"><a class=\"wp-block-button__link wp-element-button\">\u00c0 propos<\/a><\/div>\n<\/div>\n<\/div>\n\n\n\n<div style=\"height:var(--wp--preset--spacing--30)\" aria-hidden=\"true\" class=\"wp-block-spacer\"><\/div>\n\n\n\n<figure class=\"wp-block-image alignwide size-full is-style-rounded is-style-rounded--1\"><img loading=\"lazy\" decoding=\"async\" width=\"1708\" height=\"2560\" src=\"http:\/\/www.bengaldesterresdeneith.fr\/wp-content\/uploads\/2024\/10\/IMGP7722-copie-scaled.jpg\" alt=\"\" class=\"wp-image-76\" srcset=\"https:\/\/www.bengaldesterresdeneith.fr\/wp-content\/uploads\/2024\/10\/IMGP7722-copie-scaled.jpg 1708w, https:\/\/www.bengaldesterresdeneith.fr\/wp-content\/uploads\/2024\/10\/IMGP7722-copie-200x300.jpg 200w, https:\/\/www.bengaldesterresdeneith.fr\/wp-content\/uploads\/2024\/10\/IMGP7722-copie-683x1024.jpg 683w, https:\/\/www.bengaldesterresdeneith.fr\/wp-content\/uploads\/2024\/10\/IMGP7722-copie-768x1151.jpg 768w, https:\/\/www.bengaldesterresdeneith.fr\/wp-content\/uploads\/2024\/10\/IMGP7722-copie-1025x1536.jpg 1025w, https:\/\/www.bengaldesterresdeneith.fr\/wp-content\/uploads\/2024\/10\/IMGP7722-copie-1367x2048.jpg 1367w\" sizes=\"auto, (max-width: 1708px) 100vw, 1708px\" \/><\/figure>\n<\/div>\n\n\n\n<p class=\"has-medium-font-size\">Retrouver nous sur les r\u00e9seaux Facebook, TikTok et Instagram<\/p>\n\n\n\n<p><\/p>\n\n\n\n<ul class=\"wp-block-social-links is-layout-flex wp-block-social-links-is-layout-flex\"><li class=\"wp-social-link wp-social-link-facebook  wp-block-social-link\"><a href=\"https:\/\/www.facebook.com\/chatteriedesterresdeneith\" class=\"wp-block-social-link-anchor\"><svg width=\"24\" height=\"24\" viewBox=\"0 0 24 24\" version=\"1.1\" xmlns=\"http:\/\/www.w3.org\/2000\/svg\" aria-hidden=\"true\" focusable=\"false\"><path d=\"M12 2C6.5 2 2 6.5 2 12c0 5 3.7 9.1 8.4 9.9v-7H7.9V12h2.5V9.8c0-2.5 1.5-3.9 3.8-3.9 1.1 0 2.2.2 2.2.2v2.5h-1.3c-1.2 0-1.6.8-1.6 1.6V12h2.8l-.4 2.9h-2.3v7C18.3 21.1 22 17 22 12c0-5.5-4.5-10-10-10z\"><\/path><\/svg><span class=\"wp-block-social-link-label screen-reader-text\">Facebook<\/span><\/a><\/li>\n\n<li class=\"wp-social-link wp-social-link-tiktok  wp-block-social-link\"><a href=\"https:\/\/www.tiktok.com\/@chatterieterresdeneith?lang=fr\" class=\"wp-block-social-link-anchor\"><svg width=\"24\" height=\"24\" viewBox=\"0 0 32 32\" version=\"1.1\" xmlns=\"http:\/\/www.w3.org\/2000\/svg\" aria-hidden=\"true\" focusable=\"false\"><path d=\"M16.708 0.027c1.745-0.027 3.48-0.011 5.213-0.027 0.105 2.041 0.839 4.12 2.333 5.563 1.491 1.479 3.6 2.156 5.652 2.385v5.369c-1.923-0.063-3.855-0.463-5.6-1.291-0.76-0.344-1.468-0.787-2.161-1.24-0.009 3.896 0.016 7.787-0.025 11.667-0.104 1.864-0.719 3.719-1.803 5.255-1.744 2.557-4.771 4.224-7.88 4.276-1.907 0.109-3.812-0.411-5.437-1.369-2.693-1.588-4.588-4.495-4.864-7.615-0.032-0.667-0.043-1.333-0.016-1.984 0.24-2.537 1.495-4.964 3.443-6.615 2.208-1.923 5.301-2.839 8.197-2.297 0.027 1.975-0.052 3.948-0.052 5.923-1.323-0.428-2.869-0.308-4.025 0.495-0.844 0.547-1.485 1.385-1.819 2.333-0.276 0.676-0.197 1.427-0.181 2.145 0.317 2.188 2.421 4.027 4.667 3.828 1.489-0.016 2.916-0.88 3.692-2.145 0.251-0.443 0.532-0.896 0.547-1.417 0.131-2.385 0.079-4.76 0.095-7.145 0.011-5.375-0.016-10.735 0.025-16.093z\" \/><\/svg><span class=\"wp-block-social-link-label screen-reader-text\">TikTok<\/span><\/a><\/li>\n\n<li class=\"wp-social-link wp-social-link-instagram  wp-block-social-link\"><a href=\"https:\/\/www.instagram.com\/bengal_terres_de_neith\/\" class=\"wp-block-social-link-anchor\"><svg width=\"24\" height=\"24\" viewBox=\"0 0 24 24\" version=\"1.1\" xmlns=\"http:\/\/www.w3.org\/2000\/svg\" aria-hidden=\"true\" focusable=\"false\"><path d=\"M12,4.622c2.403,0,2.688,0.009,3.637,0.052c0.877,0.04,1.354,0.187,1.671,0.31c0.42,0.163,0.72,0.358,1.035,0.673 c0.315,0.315,0.51,0.615,0.673,1.035c0.123,0.317,0.27,0.794,0.31,1.671c0.043,0.949,0.052,1.234,0.052,3.637 s-0.009,2.688-0.052,3.637c-0.04,0.877-0.187,1.354-0.31,1.671c-0.163,0.42-0.358,0.72-0.673,1.035 c-0.315,0.315-0.615,0.51-1.035,0.673c-0.317,0.123-0.794,0.27-1.671,0.31c-0.949,0.043-1.233,0.052-3.637,0.052 s-2.688-0.009-3.637-0.052c-0.877-0.04-1.354-0.187-1.671-0.31c-0.42-0.163-0.72-0.358-1.035-0.673 c-0.315-0.315-0.51-0.615-0.673-1.035c-0.123-0.317-0.27-0.794-0.31-1.671C4.631,14.688,4.622,14.403,4.622,12 s0.009-2.688,0.052-3.637c0.04-0.877,0.187-1.354,0.31-1.671c0.163-0.42,0.358-0.72,0.673-1.035 c0.315-0.315,0.615-0.51,1.035-0.673c0.317-0.123,0.794-0.27,1.671-0.31C9.312,4.631,9.597,4.622,12,4.622 M12,3 C9.556,3,9.249,3.01,8.289,3.054C7.331,3.098,6.677,3.25,6.105,3.472C5.513,3.702,5.011,4.01,4.511,4.511 c-0.5,0.5-0.808,1.002-1.038,1.594C3.25,6.677,3.098,7.331,3.054,8.289C3.01,9.249,3,9.556,3,12c0,2.444,0.01,2.751,0.054,3.711 c0.044,0.958,0.196,1.612,0.418,2.185c0.23,0.592,0.538,1.094,1.038,1.594c0.5,0.5,1.002,0.808,1.594,1.038 c0.572,0.222,1.227,0.375,2.185,0.418C9.249,20.99,9.556,21,12,21s2.751-0.01,3.711-0.054c0.958-0.044,1.612-0.196,2.185-0.418 c0.592-0.23,1.094-0.538,1.594-1.038c0.5-0.5,0.808-1.002,1.038-1.594c0.222-0.572,0.375-1.227,0.418-2.185 C20.99,14.751,21,14.444,21,12s-0.01-2.751-0.054-3.711c-0.044-0.958-0.196-1.612-0.418-2.185c-0.23-0.592-0.538-1.094-1.038-1.594 c-0.5-0.5-1.002-0.808-1.594-1.038c-0.572-0.222-1.227-0.375-2.185-0.418C14.751,3.01,14.444,3,12,3L12,3z M12,7.378 c-2.552,0-4.622,2.069-4.622,4.622S9.448,16.622,12,16.622s4.622-2.069,4.622-4.622S14.552,7.378,12,7.378z M12,15 c-1.657,0-3-1.343-3-3s1.343-3,3-3s3,1.343,3,3S13.657,15,12,15z M16.804,6.116c-0.596,0-1.08,0.484-1.08,1.08 s0.484,1.08,1.08,1.08c0.596,0,1.08-0.484,1.08-1.08S17.401,6.116,16.804,6.116z\"><\/path><\/svg><span class=\"wp-block-social-link-label screen-reader-text\">Instagram<\/span><\/a><\/li><\/ul>\n\n\n\n<p><\/p>\n","protected":false},"excerpt":{"rendered":"<p>Pour plus de renseignements, n&#8217;h\u00e9sitez \u00e0 nous \u00e9crire \u00e0 l&#8217;adresse mail suivante : chatterie.desterresdeneith@gmail.com Retrouver nous sur les r\u00e9seaux Facebook, TikTok et Instagram<\/p>\n","protected":false},"author":1,"featured_media":0,"parent":0,"menu_order":0,"comment_status":"closed","ping_status":"closed","template":"","meta":{"footnotes":""},"class_list":["post-149","page","type-page","status-publish","hentry"],"yoast_head":"<!-- This site is optimized with the Yoast SEO plugin v24.0 - https:\/\/yoast.com\/wordpress\/plugins\/seo\/ -->\n<title>Contact - Accueil<\/title>\n<meta name=\"robots\" content=\"index, follow, max-snippet:-1, max-image-preview:large, max-video-preview:-1\" \/>\n<link rel=\"canonical\" href=\"https:\/\/www.bengaldesterresdeneith.fr\/index.php\/contact\/\" \/>\n<meta property=\"og:locale\" content=\"en_US\" \/>\n<meta property=\"og:type\" content=\"article\" \/>\n<meta property=\"og:title\" content=\"Contact - Accueil\" \/>\n<meta property=\"og:description\" content=\"Pour plus de renseignements, n&#8217;h\u00e9sitez \u00e0 nous \u00e9crire \u00e0 l&#8217;adresse mail suivante : chatterie.desterresdeneith@gmail.com Retrouver nous sur les r\u00e9seaux Facebook, TikTok et Instagram\" \/>\n<meta property=\"og:url\" content=\"https:\/\/www.bengaldesterresdeneith.fr\/index.php\/contact\/\" \/>\n<meta property=\"og:site_name\" content=\"Accueil\" \/>\n<meta property=\"article:publisher\" content=\"https:\/\/www.facebook.com\/chatteriedesterresdeneith\" \/>\n<meta property=\"article:modified_time\" content=\"2024-10-13T20:11:42+00:00\" \/>\n<meta property=\"og:image\" content=\"http:\/\/www.bengaldesterresdeneith.fr\/wp-content\/uploads\/2024\/10\/IMGP7722-copie-scaled.jpg\" \/>\n<meta name=\"twitter:card\" content=\"summary_large_image\" \/>\n<script type=\"application\/ld+json\" class=\"yoast-schema-graph\">{\"@context\":\"https:\/\/schema.org\",\"@graph\":[{\"@type\":\"WebPage\",\"@id\":\"https:\/\/www.bengaldesterresdeneith.fr\/index.php\/contact\/\",\"url\":\"https:\/\/www.bengaldesterresdeneith.fr\/index.php\/contact\/\",\"name\":\"Contact - Accueil\",\"isPartOf\":{\"@id\":\"https:\/\/www.bengaldesterresdeneith.fr\/#website\"},\"primaryImageOfPage\":{\"@id\":\"https:\/\/www.bengaldesterresdeneith.fr\/index.php\/contact\/#primaryimage\"},\"image\":{\"@id\":\"https:\/\/www.bengaldesterresdeneith.fr\/index.php\/contact\/#primaryimage\"},\"thumbnailUrl\":\"http:\/\/www.bengaldesterresdeneith.fr\/wp-content\/uploads\/2024\/10\/IMGP7722-copie-scaled.jpg\",\"datePublished\":\"2024-10-13T20:11:16+00:00\",\"dateModified\":\"2024-10-13T20:11:42+00:00\",\"breadcrumb\":{\"@id\":\"https:\/\/www.bengaldesterresdeneith.fr\/index.php\/contact\/#breadcrumb\"},\"inLanguage\":\"en-US\",\"potentialAction\":[{\"@type\":\"ReadAction\",\"target\":[\"https:\/\/www.bengaldesterresdeneith.fr\/index.php\/contact\/\"]}]},{\"@type\":\"ImageObject\",\"inLanguage\":\"en-US\",\"@id\":\"https:\/\/www.bengaldesterresdeneith.fr\/index.php\/contact\/#primaryimage\",\"url\":\"https:\/\/www.bengaldesterresdeneith.fr\/wp-content\/uploads\/2024\/10\/IMGP7722-copie-scaled.jpg\",\"contentUrl\":\"https:\/\/www.bengaldesterresdeneith.fr\/wp-content\/uploads\/2024\/10\/IMGP7722-copie-scaled.jpg\",\"width\":1708,\"height\":2560},{\"@type\":\"BreadcrumbList\",\"@id\":\"https:\/\/www.bengaldesterresdeneith.fr\/index.php\/contact\/#breadcrumb\",\"itemListElement\":[{\"@type\":\"ListItem\",\"position\":1,\"name\":\"Accueil\",\"item\":\"https:\/\/www.bengaldesterresdeneith.fr\/\"},{\"@type\":\"ListItem\",\"position\":2,\"name\":\"Contact\"}]},{\"@type\":\"WebSite\",\"@id\":\"https:\/\/www.bengaldesterresdeneith.fr\/#website\",\"url\":\"https:\/\/www.bengaldesterresdeneith.fr\/\",\"name\":\"Bengal des Terres de Neith\",\"description\":\"Chatterie des Terres de Neith- Elevage de bengal\",\"publisher\":{\"@id\":\"https:\/\/www.bengaldesterresdeneith.fr\/#organization\"},\"potentialAction\":[{\"@type\":\"SearchAction\",\"target\":{\"@type\":\"EntryPoint\",\"urlTemplate\":\"https:\/\/www.bengaldesterresdeneith.fr\/?s={search_term_string}\"},\"query-input\":{\"@type\":\"PropertyValueSpecification\",\"valueRequired\":true,\"valueName\":\"search_term_string\"}}],\"inLanguage\":\"en-US\"},{\"@type\":\"Organization\",\"@id\":\"https:\/\/www.bengaldesterresdeneith.fr\/#organization\",\"name\":\"Bengal des Terres de Neith\",\"url\":\"https:\/\/www.bengaldesterresdeneith.fr\/\",\"logo\":{\"@type\":\"ImageObject\",\"inLanguage\":\"en-US\",\"@id\":\"https:\/\/www.bengaldesterresdeneith.fr\/#\/schema\/logo\/image\/\",\"url\":\"https:\/\/www.bengaldesterresdeneith.fr\/wp-content\/uploads\/2024\/10\/Designer-4.jpeg\",\"contentUrl\":\"https:\/\/www.bengaldesterresdeneith.fr\/wp-content\/uploads\/2024\/10\/Designer-4.jpeg\",\"width\":1024,\"height\":1024,\"caption\":\"Bengal des Terres de Neith\"},\"image\":{\"@id\":\"https:\/\/www.bengaldesterresdeneith.fr\/#\/schema\/logo\/image\/\"},\"sameAs\":[\"https:\/\/www.facebook.com\/chatteriedesterresdeneith\",\"https:\/\/www.instagram.com\/bengal_terres_de_neith\/\",\"https:\/\/www.tiktok.com\/@chatterieterresdeneith?lang=fr\"]}]}<\/script>\n<!-- \/ Yoast SEO plugin. -->","yoast_head_json":{"title":"Contact - Accueil","robots":{"index":"index","follow":"follow","max-snippet":"max-snippet:-1","max-image-preview":"max-image-preview:large","max-video-preview":"max-video-preview:-1"},"canonical":"https:\/\/www.bengaldesterresdeneith.fr\/index.php\/contact\/","og_locale":"en_US","og_type":"article","og_title":"Contact - Accueil","og_description":"Pour plus de renseignements, n&#8217;h\u00e9sitez \u00e0 nous \u00e9crire \u00e0 l&#8217;adresse mail suivante : chatterie.desterresdeneith@gmail.com Retrouver nous sur les r\u00e9seaux Facebook, TikTok et Instagram","og_url":"https:\/\/www.bengaldesterresdeneith.fr\/index.php\/contact\/","og_site_name":"Accueil","article_publisher":"https:\/\/www.facebook.com\/chatteriedesterresdeneith","article_modified_time":"2024-10-13T20:11:42+00:00","og_image":[{"url":"http:\/\/www.bengaldesterresdeneith.fr\/wp-content\/uploads\/2024\/10\/IMGP7722-copie-scaled.jpg","type":"","width":"","height":""}],"twitter_card":"summary_large_image","schema":{"@context":"https:\/\/schema.org","@graph":[{"@type":"WebPage","@id":"https:\/\/www.bengaldesterresdeneith.fr\/index.php\/contact\/","url":"https:\/\/www.bengaldesterresdeneith.fr\/index.php\/contact\/","name":"Contact - Accueil","isPartOf":{"@id":"https:\/\/www.bengaldesterresdeneith.fr\/#website"},"primaryImageOfPage":{"@id":"https:\/\/www.bengaldesterresdeneith.fr\/index.php\/contact\/#primaryimage"},"image":{"@id":"https:\/\/www.bengaldesterresdeneith.fr\/index.php\/contact\/#primaryimage"},"thumbnailUrl":"http:\/\/www.bengaldesterresdeneith.fr\/wp-content\/uploads\/2024\/10\/IMGP7722-copie-scaled.jpg","datePublished":"2024-10-13T20:11:16+00:00","dateModified":"2024-10-13T20:11:42+00:00","breadcrumb":{"@id":"https:\/\/www.bengaldesterresdeneith.fr\/index.php\/contact\/#breadcrumb"},"inLanguage":"en-US","potentialAction":[{"@type":"ReadAction","target":["https:\/\/www.bengaldesterresdeneith.fr\/index.php\/contact\/"]}]},{"@type":"ImageObject","inLanguage":"en-US","@id":"https:\/\/www.bengaldesterresdeneith.fr\/index.php\/contact\/#primaryimage","url":"https:\/\/www.bengaldesterresdeneith.fr\/wp-content\/uploads\/2024\/10\/IMGP7722-copie-scaled.jpg","contentUrl":"https:\/\/www.bengaldesterresdeneith.fr\/wp-content\/uploads\/2024\/10\/IMGP7722-copie-scaled.jpg","width":1708,"height":2560},{"@type":"BreadcrumbList","@id":"https:\/\/www.bengaldesterresdeneith.fr\/index.php\/contact\/#breadcrumb","itemListElement":[{"@type":"ListItem","position":1,"name":"Accueil","item":"https:\/\/www.bengaldesterresdeneith.fr\/"},{"@type":"ListItem","position":2,"name":"Contact"}]},{"@type":"WebSite","@id":"https:\/\/www.bengaldesterresdeneith.fr\/#website","url":"https:\/\/www.bengaldesterresdeneith.fr\/","name":"Bengal des Terres de Neith","description":"Chatterie des Terres de Neith- Elevage de bengal","publisher":{"@id":"https:\/\/www.bengaldesterresdeneith.fr\/#organization"},"potentialAction":[{"@type":"SearchAction","target":{"@type":"EntryPoint","urlTemplate":"https:\/\/www.bengaldesterresdeneith.fr\/?s={search_term_string}"},"query-input":{"@type":"PropertyValueSpecification","valueRequired":true,"valueName":"search_term_string"}}],"inLanguage":"en-US"},{"@type":"Organization","@id":"https:\/\/www.bengaldesterresdeneith.fr\/#organization","name":"Bengal des Terres de Neith","url":"https:\/\/www.bengaldesterresdeneith.fr\/","logo":{"@type":"ImageObject","inLanguage":"en-US","@id":"https:\/\/www.bengaldesterresdeneith.fr\/#\/schema\/logo\/image\/","url":"https:\/\/www.bengaldesterresdeneith.fr\/wp-content\/uploads\/2024\/10\/Designer-4.jpeg","contentUrl":"https:\/\/www.bengaldesterresdeneith.fr\/wp-content\/uploads\/2024\/10\/Designer-4.jpeg","width":1024,"height":1024,"caption":"Bengal des Terres de Neith"},"image":{"@id":"https:\/\/www.bengaldesterresdeneith.fr\/#\/schema\/logo\/image\/"},"sameAs":["https:\/\/www.facebook.com\/chatteriedesterresdeneith","https:\/\/www.instagram.com\/bengal_terres_de_neith\/","https:\/\/www.tiktok.com\/@chatterieterresdeneith?lang=fr"]}]}},"_links":{"self":[{"href":"https:\/\/www.bengaldesterresdeneith.fr\/index.php\/wp-json\/wp\/v2\/pages\/149","targetHints":{"allow":["GET"]}}],"collection":[{"href":"https:\/\/www.bengaldesterresdeneith.fr\/index.php\/wp-json\/wp\/v2\/pages"}],"about":[{"href":"https:\/\/www.bengaldesterresdeneith.fr\/index.php\/wp-json\/wp\/v2\/types\/page"}],"author":[{"embeddable":true,"href":"https:\/\/www.bengaldesterresdeneith.fr\/index.php\/wp-json\/wp\/v2\/users\/1"}],"replies":[{"embeddable":true,"href":"https:\/\/www.bengaldesterresdeneith.fr\/index.php\/wp-json\/wp\/v2\/comments?post=149"}],"version-history":[{"count":6,"href":"https:\/\/www.bengaldesterresdeneith.fr\/index.php\/wp-json\/wp\/v2\/pages\/149\/revisions"}],"predecessor-version":[{"id":171,"href":"https:\/\/www.bengaldesterresdeneith.fr\/index.php\/wp-json\/wp\/v2\/pages\/149\/revisions\/171"}],"wp:attachment":[{"href":"https:\/\/www.bengaldesterresdeneith.fr\/index.php\/wp-json\/wp\/v2\/media?parent=149"}],"curies":[{"name":"wp","href":"https:\/\/api.w.org\/{rel}","templated":true}]}}